{"id":163,"date":"2022-07-13T18:54:31","date_gmt":"2022-07-13T18:54:31","guid":{"rendered":"https:\/\/dev.aredcreative.com\/jahone\/?page_id=163"},"modified":"2022-10-21T13:15:02","modified_gmt":"2022-10-21T13:15:02","slug":"a-propos","status":"publish","type":"page","link":"https:\/\/jahone.com\/fr\/a-propos\/","title":{"rendered":"\u00c0 propos"},"content":{"rendered":"\n<p class=\"has-text-align-center\">JAH=ONE ROOTS LIGNE DE V\u00caTEMENT ET MOUVEMENT A \u00c9T\u00c9 CONSTRUITE SUR UNE BASE D\u2019AMOUR UNIVERSEL ET A PROSP\u00c9R\u00c9 SUR LE ROC DE LA D\u00c9TERMINATION.<\/p>\n\n\n\n<p class=\"has-text-align-center\">JAH=ONE A \u00c9T\u00c9 FOND\u00c9E EN 1997. LA MARQUE DE GRAVURE SIGNIFIE &nbsp;\u201c\u00c9GALIT\u00c9 DES DROITS ET JUSTICE POUR TOUTE L\u2019HUMANIT\u00c9\u201d. RASTAFARIAN EST UNE GRANDE ADH\u00c9SION \u00c0 CE CONCEPT SPIRTUAL ET LE TIENT AUSSI \u00c0 C\u0152UR.<\/p>\n\n\n\n<p class=\"has-text-align-center\">DES ANN\u00c9ES DE TRAVAIL ACHARN\u00c9, DE PERS\u00c9V\u00c9RANCE ET DE R\u00c9SILIENCE ONT PERMIS \u00c0 LA LIGNE DE V\u00caTEMENTS JAH=ONE ROOTS DE DEVENIR UN NOM FAMILIER \u00c0 MONTR\u00c9AL CANADA ET \u00c9VENTUELLEMENT, DANS LE MONDE ENTIER.<\/p>\n\n\n\n<p class=\"has-text-align-center\">\u00c0 DES RUES DE MONTR\u00c9AL CANADA \u00c0 UNE GRANDE VARI\u00c9T\u00c9 DE LIEUX, EN PASSANT PAR LES \u00c9TAG\u00c8RES DE SES MULTIPLES MAGASINS DE V\u00caTEMENTS, JAH=ONE LIGNE DE V\u00caTEMENT A FORM\u00c9 LA BASE DE SON ESPRIT D\u2019ENTREPRISE INSPIRANT.<\/p>\n\n\n\n<p class=\"has-text-align-center\">PORT\u00c9 FI\u00c8REMENT PAR DES STARS ET DES C\u00c9L\u00c9BRIT\u00c9S AU FIL DES ANS, LES LIGNES DE V\u00caTEMENTS, LES POLOS, LES T-SHRITS ET LES COSTUMES DE SAFARI DE JAH=ONE ROOTS ONT RAPIDEMENT \u00c9T\u00c9 RECONNUS COMME UN SYMBOLE DE CONSCIENCE ACCRUE.<\/p>\n\n\n\n<p class=\"has-text-align-center\">UNE GRANDE PARTIE DE LA CROISSANCE ET DU SUCC\u00c8S DE LA LIGNE DE V\u00caTEMENTS JAH=ONE ROOTS REPOSAIT SUR LE TRAVAIL DE GEDIAN FYAH, L\u2019HOMME DERRI\u00c8RE LA MARQUE.<\/p>\n\n\n\n<p class=\"has-text-align-center\">&nbsp;JAH=ONE REPR\u00c9SENTE LE POUVOIR DU PEUPLE.<\/p>\n\n\n\n<p class=\"has-text-align-center\">JAH=ONE ROOTS LA LIGNE DE V\u00caTEMENTS S\u2019EST ENFONC\u00c9E DANS LE LIEN DU TEMPS ET SE TIENT TOUJOURS DEBOUT COMME UNE MARQUE D\u2019UNIT\u00c9.<\/p>\n\n\n\n<p class=\"has-text-align-center\">\u00ab\u00a0TOUS POUR UN ET UN POUR TOUS\u00a0\u00bb<\/p>\n\n\n\n<p class=\"has-text-align-center\">LA LIGNE DE V\u00caTEMENTS RESTE FID\u00c8LE \u00c0 SON CONCEPT D\u2019ORIGINE.<\/p>\n\n\n\n<p class=\"has-text-align-center\">\u00ab\u00a0UNE NATION, UN MONDE, UN UNIVER.<\/p>\n\n\n\n<p class=\"has-text-align-center\">UN PEUPLE, COULEUR DIFF\u00c9RENTE, UNIS NOUS TENONS.<\/p>\n","protected":false},"excerpt":{"rendered":"<p>JAH=ONE ROOTS LIGNE DE V\u00caTEMENT ET MOUVEMENT A \u00c9T\u00c9 CONSTRUITE SUR UNE BASE D\u2019AMOUR UNIVERSEL ET A PROSP\u00c9R\u00c9 SUR LE [&hellip;]<\/p>\n","protected":false},"author":1,"featured_media":0,"parent":0,"menu_order":0,"comment_status":"closed","ping_status":"closed","template":"about-page.php","meta":{"footnotes":""},"_links":{"self":[{"href":"https:\/\/jahone.com\/fr\/wp-json\/wp\/v2\/pages\/163"}],"collection":[{"href":"https:\/\/jahone.com\/fr\/wp-json\/wp\/v2\/pages"}],"about":[{"href":"https:\/\/jahone.com\/fr\/wp-json\/wp\/v2\/types\/page"}],"author":[{"embeddable":true,"href":"https:\/\/jahone.com\/fr\/wp-json\/wp\/v2\/users\/1"}],"replies":[{"embeddable":true,"href":"https:\/\/jahone.com\/fr\/wp-json\/wp\/v2\/comments?post=163"}],"version-history":[{"count":5,"href":"https:\/\/jahone.com\/fr\/wp-json\/wp\/v2\/pages\/163\/revisions"}],"predecessor-version":[{"id":1427,"href":"https:\/\/jahone.com\/fr\/wp-json\/wp\/v2\/pages\/163\/revisions\/1427"}],"wp:attachment":[{"href":"https:\/\/jahone.com\/fr\/wp-json\/wp\/v2\/media?parent=163"}],"curies":[{"name":"wp","href":"https:\/\/api.w.org\/{rel}","templated":true}]}}